{"id":1641,"date":"2024-07-06T19:39:08","date_gmt":"2024-07-06T17:39:08","guid":{"rendered":"https:\/\/www.laurapelegrin.com\/profile\/"},"modified":"2024-10-18T15:30:16","modified_gmt":"2024-10-18T13:30:16","slug":"profile","status":"publish","type":"page","link":"https:\/\/www.laurapelegrin.com\/en\/profile\/","title":{"rendered":"Profile"},"content":{"rendered":"\t\t<div data-elementor-type=\"wp-page\" data-elementor-id=\"1641\" class=\"elementor elementor-1641 elementor-235\" data-elementor-post-type=\"page\">\n\t\t\t\t<div class=\"elementor-element elementor-element-a84f362 e-con-full e-flex e-con e-parent\" data-id=\"a84f362\" data-element_type=\"container\" data-e-type=\"container\" data-settings=\"{&quot;background_background&quot;:&quot;classic&quot;}\">\n\t\t<div class=\"elementor-element elementor-element-d1a57a0 e-con-full e-flex e-con e-child\" data-id=\"d1a57a0\" data-element_type=\"container\" data-e-type=\"container\">\n\t\t\t\t<div class=\"elementor-element elementor-element-8e43863 elementor-widget elementor-widget-spacer\" data-id=\"8e43863\" data-element_type=\"widget\" data-e-type=\"widget\" data-widget_type=\"spacer.default\">\n\t\t\t\t<div class=\"elementor-widget-container\">\n\t\t\t\t\t\t\t<div class=\"elementor-spacer\">\n\t\t\t<div class=\"elementor-spacer-inner\"><\/div>\n\t\t<\/div>\n\t\t\t\t\t\t<\/div>\n\t\t\t\t<\/div>\n\t\t\t\t<div class=\"elementor-element elementor-element-4ee5b9a elementor-invisible elementor-widget elementor-widget-heading\" data-id=\"4ee5b9a\" data-element_type=\"widget\" data-e-type=\"widget\" data-settings=\"{&quot;_animation&quot;:&quot;fadeIn&quot;}\" data-widget_type=\"heading.default\">\n\t\t\t\t<div class=\"elementor-widget-container\">\n\t\t\t\t\t<h1 class=\"elementor-heading-title elementor-size-default\">Laura Pelegr\u00edn<\/h1>\t\t\t\t<\/div>\n\t\t\t\t<\/div>\n\t\t\t\t<div class=\"elementor-element elementor-element-702e1e9 elementor-invisible elementor-widget elementor-widget-text-editor\" data-id=\"702e1e9\" data-element_type=\"widget\" data-e-type=\"widget\" data-settings=\"{&quot;_animation&quot;:&quot;fadeIn&quot;,&quot;_animation_delay&quot;:300}\" data-widget_type=\"text-editor.default\">\n\t\t\t\t<div class=\"elementor-widget-container\">\n\t\t\t\t\t\t\t\t\t<div><span lang=\"EN-US\">I have approached executive leadership and communication in different ways throughout my professional career: from strategy and execution; from a political, institutional, and international perspective; from traditional media and the digital world; through teamwork and leadership; from art and reason.<\/span><\/div>\n<div><\/div>\n<div>These contrasts and experiences have give me a broad and unique vision, enabling me to contribute and inspire changes with the goal of generating transformative social impact.<\/div>\n\t\t\t\t\t\t\t\t<\/div>\n\t\t\t\t<\/div>\n\t\t\t\t<\/div>\n\t\t<div class=\"elementor-element elementor-element-c4fd2f7 e-con-full e-flex e-con e-child\" data-id=\"c4fd2f7\" data-element_type=\"container\" data-e-type=\"container\" data-settings=\"{&quot;background_background&quot;:&quot;classic&quot;}\">\n\t\t\t\t<\/div>\n\t\t\t\t<\/div>\n\t\t<div class=\"elementor-element elementor-element-ed93260 e-flex e-con-boxed e-con e-parent\" data-id=\"ed93260\" data-element_type=\"container\" data-e-type=\"container\">\n\t\t\t\t\t<div class=\"e-con-inner\">\n\t\t<div class=\"elementor-element elementor-element-54d07a3 e-con-full e-flex e-con e-child\" data-id=\"54d07a3\" data-element_type=\"container\" data-e-type=\"container\">\n\t\t\t\t<div class=\"elementor-element elementor-element-21635be elementor-widget elementor-widget-image\" data-id=\"21635be\" data-element_type=\"widget\" data-e-type=\"widget\" data-widget_type=\"image.default\">\n\t\t\t\t<div class=\"elementor-widget-container\">\n\t\t\t\t\t\t\t\t\t\t\t\t\t\t\t<img fetchpriority=\"high\" decoding=\"async\" width=\"612\" height=\"912\" src=\"https:\/\/www.laurapelegrin.com\/wp-content\/uploads\/2024\/07\/laura-pelegrin-profile-2.jpg\" class=\"attachment-large size-large wp-image-1643\" alt=\"\" srcset=\"https:\/\/www.laurapelegrin.com\/wp-content\/uploads\/2024\/07\/laura-pelegrin-profile-2.jpg 612w, https:\/\/www.laurapelegrin.com\/wp-content\/uploads\/2024\/07\/laura-pelegrin-profile-2-201x300.jpg 201w\" sizes=\"(max-width: 612px) 100vw, 612px\" \/>\t\t\t\t\t\t\t\t\t\t\t\t\t\t\t<\/div>\n\t\t\t\t<\/div>\n\t\t\t\t<\/div>\n\t\t<div class=\"elementor-element elementor-element-c1c9d4f e-con-full e-flex e-con e-child\" data-id=\"c1c9d4f\" data-element_type=\"container\" data-e-type=\"container\">\n\t\t\t\t<div class=\"elementor-element elementor-element-14f90a8 elementor-widget__width-initial elementor-invisible elementor-widget elementor-widget-text-editor\" data-id=\"14f90a8\" data-element_type=\"widget\" data-e-type=\"widget\" data-settings=\"{&quot;_animation&quot;:&quot;fadeIn&quot;}\" data-widget_type=\"text-editor.default\">\n\t\t\t\t<div class=\"elementor-widget-container\">\n\t\t\t\t\t\t\t\t\t<p>Executive Director with overt twenty years of experience leading growth strategies for organizations, strategic communication and marketing, sponsorship, fundraising, stakeholder management, corporate social responsibility and creation of public-private partnerships.<\/p>\n<p>Specialist in providing strategic and humanistic vision, with great ability to conceptualize transformative ideas and offer solutions to complex challenges and environments, in the sectors of culture, design, creativity, science, and educations at both national and international levels.<\/p>\n\t\t\t\t\t\t\t\t<\/div>\n\t\t\t\t<\/div>\n\t\t\t\t<div class=\"elementor-element elementor-element-229e465 elementor-absolute elementor-widget-laptop__width-initial elementor-hidden-laptop elementor-hidden-tablet elementor-hidden-mobile elementor-invisible elementor-widget elementor-widget-heading\" data-id=\"229e465\" data-element_type=\"widget\" data-e-type=\"widget\" data-settings=\"{&quot;_position&quot;:&quot;absolute&quot;,&quot;_animation&quot;:&quot;fadeInRight&quot;}\" data-widget_type=\"heading.default\">\n\t\t\t\t<div class=\"elementor-widget-container\">\n\t\t\t\t\t<h3 class=\"elementor-heading-title elementor-size-default\">Committed to the projects I collaborate on through honesty, integrity and excellence.<\/h3>\t\t\t\t<\/div>\n\t\t\t\t<\/div>\n\t\t\t\t<\/div>\n\t\t<div class=\"elementor-element elementor-element-dbe623f e-con-full elementor-hidden-widescreen elementor-hidden-desktop e-flex e-con e-child\" data-id=\"dbe623f\" data-element_type=\"container\" data-e-type=\"container\">\n\t\t\t\t<div class=\"elementor-element elementor-element-cd25d6e elementor-widget-laptop__width-initial elementor-widget elementor-widget-heading\" data-id=\"cd25d6e\" data-element_type=\"widget\" data-e-type=\"widget\" data-widget_type=\"heading.default\">\n\t\t\t\t<div class=\"elementor-widget-container\">\n\t\t\t\t\t<h3 class=\"elementor-heading-title elementor-size-default\">Committed to the projects I collaborate on through honesty, integrity and excellence.<\/h3>\t\t\t\t<\/div>\n\t\t\t\t<\/div>\n\t\t\t\t<\/div>\n\t\t\t\t\t<\/div>\n\t\t\t\t<\/div>\n\t\t<div class=\"elementor-element elementor-element-dde41ef e-flex e-con-boxed e-con e-parent\" data-id=\"dde41ef\" data-element_type=\"container\" data-e-type=\"container\">\n\t\t\t\t\t<div class=\"e-con-inner\">\n\t\t<div class=\"elementor-element elementor-element-adf1b3e e-con-full e-flex elementor-invisible e-con e-child\" data-id=\"adf1b3e\" data-element_type=\"container\" data-e-type=\"container\" data-settings=\"{&quot;animation&quot;:&quot;fadeIn&quot;,&quot;animation_delay&quot;:300}\">\n\t\t\t\t<div class=\"elementor-element elementor-element-024f7b6 elementor-widget elementor-widget-image\" data-id=\"024f7b6\" data-element_type=\"widget\" data-e-type=\"widget\" data-widget_type=\"image.default\">\n\t\t\t\t<div class=\"elementor-widget-container\">\n\t\t\t\t\t\t\t\t\t\t\t\t\t\t\t<img decoding=\"async\" width=\"1\" height=\"1\" src=\"https:\/\/www.laurapelegrin.com\/wp-content\/uploads\/2024\/07\/lp-1.svg\" class=\"attachment-large size-large wp-image-1205\" alt=\"\" \/>\t\t\t\t\t\t\t\t\t\t\t\t\t\t\t<\/div>\n\t\t\t\t<\/div>\n\t\t\t\t<div class=\"elementor-element elementor-element-e00e250 elementor-widget elementor-widget-heading\" data-id=\"e00e250\" data-element_type=\"widget\" data-e-type=\"widget\" data-widget_type=\"heading.default\">\n\t\t\t\t<div class=\"elementor-widget-container\">\n\t\t\t\t\t<h2 class=\"elementor-heading-title elementor-size-default\">Education<\/h2>\t\t\t\t<\/div>\n\t\t\t\t<\/div>\n\t\t\t\t<div class=\"elementor-element elementor-element-1bea221 elementor-widget elementor-widget-text-editor\" data-id=\"1bea221\" data-element_type=\"widget\" data-e-type=\"widget\" data-widget_type=\"text-editor.default\">\n\t\t\t\t<div class=\"elementor-widget-container\">\n\t\t\t\t\t\t\t\t\t<h4>Strategic Management and Social Leadership Program (PLS)<\/h4>\n<p>IESE Business School, University of Navarra, 2022<\/p>\n\t\t\t\t\t\t\t\t<\/div>\n\t\t\t\t<\/div>\n\t\t\t\t<div class=\"elementor-element elementor-element-a29f807 elementor-widget elementor-widget-text-editor\" data-id=\"a29f807\" data-element_type=\"widget\" data-e-type=\"widget\" data-widget_type=\"text-editor.default\">\n\t\t\t\t<div class=\"elementor-widget-container\">\n\t\t\t\t\t\t\t\t\t<h4>Master&#8217;s Degree in Philosophy for Contemporary Challenges<\/h4>\n<p>Universitat Oberta de Catalunya (UOC), 2019-present<\/p>\n\t\t\t\t\t\t\t\t<\/div>\n\t\t\t\t<\/div>\n\t\t\t\t<div class=\"elementor-element elementor-element-f80e59e elementor-widget elementor-widget-text-editor\" data-id=\"f80e59e\" data-element_type=\"widget\" data-e-type=\"widget\" data-widget_type=\"text-editor.default\">\n\t\t\t\t<div class=\"elementor-widget-container\">\n\t\t\t\t\t\t\t\t\t<h4>Learning to Grow Program, School of Entrepreneurship for Women<\/h4>\r\nIESE Business School, University of Navarra, 2021\t\t\t\t\t\t\t\t<\/div>\n\t\t\t\t<\/div>\n\t\t\t\t<div class=\"elementor-element elementor-element-b72388f elementor-widget elementor-widget-text-editor\" data-id=\"b72388f\" data-element_type=\"widget\" data-e-type=\"widget\" data-widget_type=\"text-editor.default\">\n\t\t\t\t<div class=\"elementor-widget-container\">\n\t\t\t\t\t\t\t\t\t<h4>Practitioner and Master in Neuro-Linguistic Programming (NLP)<\/h4>\n<p>Institut Gestalt and Synergy and Coaching, 2011-2012<\/p>\n\t\t\t\t\t\t\t\t<\/div>\n\t\t\t\t<\/div>\n\t\t\t\t<div class=\"elementor-element elementor-element-fb9a2f9 elementor-widget elementor-widget-text-editor\" data-id=\"fb9a2f9\" data-element_type=\"widget\" data-e-type=\"widget\" data-widget_type=\"text-editor.default\">\n\t\t\t\t<div class=\"elementor-widget-container\">\n\t\t\t\t\t\t\t\t\t<h4>Bachelor of Arts<\/h4>\n<p>Universitat Oberta de Catalunya (UOC), 2009-2011<\/p>\n\t\t\t\t\t\t\t\t<\/div>\n\t\t\t\t<\/div>\n\t\t\t\t<div class=\"elementor-element elementor-element-4084625 elementor-widget elementor-widget-text-editor\" data-id=\"4084625\" data-element_type=\"widget\" data-e-type=\"widget\" data-widget_type=\"text-editor.default\">\n\t\t\t\t<div class=\"elementor-widget-container\">\n\t\t\t\t\t\t\t\t\t<h4>Master in Marketing and Sales Mangement<\/h4>\n<p>ESADE Business School, 2007-2008<\/p>\n\t\t\t\t\t\t\t\t<\/div>\n\t\t\t\t<\/div>\n\t\t\t\t<div class=\"elementor-element elementor-element-3be37ef elementor-widget elementor-widget-text-editor\" data-id=\"3be37ef\" data-element_type=\"widget\" data-e-type=\"widget\" data-widget_type=\"text-editor.default\">\n\t\t\t\t<div class=\"elementor-widget-container\">\n\t\t\t\t\t\t\t\t\t<h4>Executive Programm in Communication Management<\/h4>\n<p>EADA Business School, 2005-2006<\/p>\n\t\t\t\t\t\t\t\t<\/div>\n\t\t\t\t<\/div>\n\t\t\t\t<div class=\"elementor-element elementor-element-e995c24 elementor-widget elementor-widget-text-editor\" data-id=\"e995c24\" data-element_type=\"widget\" data-e-type=\"widget\" data-widget_type=\"text-editor.default\">\n\t\t\t\t<div class=\"elementor-widget-container\">\n\t\t\t\t\t\t\t\t\t<h4>Postgraduate Degree in Communication and Political Strategy<\/h4>\n<p>Institute of Political and Social Sciences &amp; UAB, 2001-2002<\/p>\n\t\t\t\t\t\t\t\t<\/div>\n\t\t\t\t<\/div>\n\t\t\t\t<div class=\"elementor-element elementor-element-a7f0695 elementor-widget elementor-widget-text-editor\" data-id=\"a7f0695\" data-element_type=\"widget\" data-e-type=\"widget\" data-widget_type=\"text-editor.default\">\n\t\t\t\t<div class=\"elementor-widget-container\">\n\t\t\t\t\t\t\t\t\t<h4>Bachelor&#8217;s Degree in Political Science and Public Administration<\/h4>\n<p>Universitat Pompeu Fabra, 1996-2000<\/p>\n\t\t\t\t\t\t\t\t<\/div>\n\t\t\t\t<\/div>\n\t\t\t\t<\/div>\n\t\t<div class=\"elementor-element elementor-element-813f64d e-con-full e-flex elementor-invisible e-con e-child\" data-id=\"813f64d\" data-element_type=\"container\" data-e-type=\"container\" data-settings=\"{&quot;animation&quot;:&quot;fadeIn&quot;}\">\n\t\t\t\t<div class=\"elementor-element elementor-element-828a227 elementor-widget elementor-widget-image\" data-id=\"828a227\" data-element_type=\"widget\" data-e-type=\"widget\" data-widget_type=\"image.default\">\n\t\t\t\t<div class=\"elementor-widget-container\">\n\t\t\t\t\t\t\t\t\t\t\t\t\t\t\t<img decoding=\"async\" width=\"1\" height=\"1\" src=\"https:\/\/www.laurapelegrin.com\/wp-content\/uploads\/2024\/07\/lp-3.svg\" class=\"attachment-large size-large wp-image-1207\" alt=\"\" \/>\t\t\t\t\t\t\t\t\t\t\t\t\t\t\t<\/div>\n\t\t\t\t<\/div>\n\t\t\t\t<div class=\"elementor-element elementor-element-b95658a elementor-widget elementor-widget-heading\" data-id=\"b95658a\" data-element_type=\"widget\" data-e-type=\"widget\" data-widget_type=\"heading.default\">\n\t\t\t\t<div class=\"elementor-widget-container\">\n\t\t\t\t\t<h2 class=\"elementor-heading-title elementor-size-default\">Teaching Experience<\/h2>\t\t\t\t<\/div>\n\t\t\t\t<\/div>\n\t\t\t\t<div class=\"elementor-element elementor-element-97dbea4 elementor-widget elementor-widget-text-editor\" data-id=\"97dbea4\" data-element_type=\"widget\" data-e-type=\"widget\" data-widget_type=\"text-editor.default\">\n\t\t\t\t<div class=\"elementor-widget-container\">\n\t\t\t\t\t\t\t\t\t<h4>Universitat de Girona<br \/>\nUPF<br \/>\nELISAVA<br \/>\nDiputaci\u00f3 de Barcelona<\/h4>\n<p><em>Professora col\u00b7laboradora en comunicaci\u00f3 estrat\u00e8gica, marca i comunicaci\u00f3 institucional corporativa.<\/em><\/p>\n\t\t\t\t\t\t\t\t<\/div>\n\t\t\t\t<\/div>\n\t\t\t\t<div class=\"elementor-element elementor-element-083486e elementor-widget elementor-widget-text-editor\" data-id=\"083486e\" data-element_type=\"widget\" data-e-type=\"widget\" data-widget_type=\"text-editor.default\">\n\t\t\t\t<div class=\"elementor-widget-container\">\n\t\t\t\t\t\t\t\t\t<h4>Creative writing and poetic project development course.<\/h4>\n<p>Escola Bloom, Barcelona<\/p>\n\t\t\t\t\t\t\t\t<\/div>\n\t\t\t\t<\/div>\n\t\t\t\t<div class=\"elementor-element elementor-element-40ad470 elementor-widget elementor-widget-spacer\" data-id=\"40ad470\" data-element_type=\"widget\" data-e-type=\"widget\" data-widget_type=\"spacer.default\">\n\t\t\t\t<div class=\"elementor-widget-container\">\n\t\t\t\t\t\t\t<div class=\"elementor-spacer\">\n\t\t\t<div class=\"elementor-spacer-inner\"><\/div>\n\t\t<\/div>\n\t\t\t\t\t\t<\/div>\n\t\t\t\t<\/div>\n\t\t\t\t<div class=\"elementor-element elementor-element-a1cf938 elementor-widget-laptop__width-initial elementor-widget elementor-widget-heading\" data-id=\"a1cf938\" data-element_type=\"widget\" data-e-type=\"widget\" data-settings=\"{&quot;_animation&quot;:&quot;none&quot;}\" data-widget_type=\"heading.default\">\n\t\t\t\t<div class=\"elementor-widget-container\">\n\t\t\t\t\t<h3 class=\"elementor-heading-title elementor-size-default\">I love poetry and I try to live poetically<\/h3>\t\t\t\t<\/div>\n\t\t\t\t<\/div>\n\t\t\t\t<div class=\"elementor-element elementor-element-f851c15 elementor-widget elementor-widget-text-editor\" data-id=\"f851c15\" data-element_type=\"widget\" data-e-type=\"widget\" data-widget_type=\"text-editor.default\">\n\t\t\t\t<div class=\"elementor-widget-container\">\n\t\t\t\t\t\t\t\t\t<p><strong>Poesia Bloom is my first book.<\/strong><\/p>\n\t\t\t\t\t\t\t\t<\/div>\n\t\t\t\t<\/div>\n\t\t\t\t<div class=\"elementor-element elementor-element-a3e085a elementor-widget elementor-widget-text-editor\" data-id=\"a3e085a\" data-element_type=\"widget\" data-e-type=\"widget\" data-widget_type=\"text-editor.default\">\n\t\t\t\t<div class=\"elementor-widget-container\">\n\t\t\t\t\t\t\t\t\t<h4>Publication of the book Poesia\u00a0Bloom<\/h4>\n<p>Adia Edicions ISBN 9788494835520<\/p>\n\t\t\t\t\t\t\t\t<\/div>\n\t\t\t\t<\/div>\n\t\t\t\t<div class=\"elementor-element elementor-element-5018c0d elementor-widget elementor-widget-text-editor\" data-id=\"5018c0d\" data-element_type=\"widget\" data-e-type=\"widget\" data-widget_type=\"text-editor.default\">\n\t\t\t\t<div class=\"elementor-widget-container\">\n\t\t\t\t\t\t\t\t\t<h4>Member of Barcelona Global<\/h4>\n\t\t\t\t\t\t\t\t<\/div>\n\t\t\t\t<\/div>\n\t\t\t\t<\/div>\n\t\t\t\t\t<\/div>\n\t\t\t\t<\/div>\n\t\t\t\t<\/div>\n\t\t","protected":false},"excerpt":{"rendered":"<p>Laura Pelegr\u00edn I have approached executive leadership and communication in different ways throughout my professional career: from strategy and execution; from a political, institutional, and international perspective; from traditional media and the digital world; through teamwork and leadership; from art and reason. These contrasts and experiences have give me a broad and unique vision, enabling [&hellip;]<\/p>\n","protected":false},"author":1,"featured_media":0,"parent":0,"menu_order":0,"comment_status":"closed","ping_status":"closed","template":"elementor_header_footer","meta":{"_acf_changed":false,"footnotes":""},"class_list":["post-1641","page","type-page","status-publish","hentry"],"acf":[],"yoast_head":"<!-- This site is optimized with the Yoast SEO plugin v27.4 - https:\/\/yoast.com\/product\/yoast-seo-wordpress\/ -->\n<title>Profile - Laura Pelegr\u00edn<\/title>\n<meta name=\"description\" content=\"Executive Director with over twenty years of experience leading growth strategies for organizations, strategic communication and marketing, sponsorship, fundraising, stakeholder management, corporate social responsibility and the creation of public-private partnerships.\" \/>\n<meta name=\"robots\" content=\"index, follow, max-snippet:-1, max-image-preview:large, max-video-preview:-1\" \/>\n<link rel=\"canonical\" href=\"https:\/\/www.laurapelegrin.com\/perfil\/\" \/>\n<meta property=\"og:locale\" content=\"en_US\" \/>\n<meta property=\"og:type\" content=\"article\" \/>\n<meta property=\"og:title\" content=\"Profile - Laura Pelegr\u00edn\" \/>\n<meta property=\"og:description\" content=\"Executive Director with over twenty years of experience leading growth strategies for organizations, strategic communication and marketing, sponsorship, fundraising, stakeholder management, corporate social responsibility and the creation of public-private partnerships.\" \/>\n<meta property=\"og:url\" content=\"https:\/\/www.laurapelegrin.com\/perfil\/\" \/>\n<meta property=\"og:site_name\" content=\"Laura Pelegr\u00edn\" \/>\n<meta property=\"article:modified_time\" content=\"2024-10-18T13:30:16+00:00\" \/>\n<meta property=\"og:image\" content=\"https:\/\/www.laurapelegrin.com\/wp-content\/uploads\/2024\/07\/laura-pelegrin-profile-2.jpg\" \/>\n<meta name=\"twitter:card\" content=\"summary_large_image\" \/>\n<meta name=\"twitter:label1\" content=\"Est. reading time\" \/>\n\t<meta name=\"twitter:data1\" content=\"2 minutes\" \/>\n<script type=\"application\/ld+json\" class=\"yoast-schema-graph\">{\"@context\":\"https:\\\/\\\/schema.org\",\"@graph\":[{\"@type\":\"WebPage\",\"@id\":\"https:\\\/\\\/www.laurapelegrin.com\\\/perfil\\\/\",\"url\":\"https:\\\/\\\/www.laurapelegrin.com\\\/perfil\\\/\",\"name\":\"Profile - Laura Pelegr\u00edn\",\"isPartOf\":{\"@id\":\"https:\\\/\\\/www.laurapelegrin.com\\\/#website\"},\"primaryImageOfPage\":{\"@id\":\"https:\\\/\\\/www.laurapelegrin.com\\\/perfil\\\/#primaryimage\"},\"image\":{\"@id\":\"https:\\\/\\\/www.laurapelegrin.com\\\/perfil\\\/#primaryimage\"},\"thumbnailUrl\":\"https:\\\/\\\/www.laurapelegrin.com\\\/wp-content\\\/uploads\\\/2024\\\/07\\\/laura-pelegrin-profile-2.jpg\",\"datePublished\":\"2024-07-06T17:39:08+00:00\",\"dateModified\":\"2024-10-18T13:30:16+00:00\",\"description\":\"Executive Director with over twenty years of experience leading growth strategies for organizations, strategic communication and marketing, sponsorship, fundraising, stakeholder management, corporate social responsibility and the creation of public-private partnerships.\",\"breadcrumb\":{\"@id\":\"https:\\\/\\\/www.laurapelegrin.com\\\/perfil\\\/#breadcrumb\"},\"inLanguage\":\"en-US\",\"potentialAction\":[{\"@type\":\"ReadAction\",\"target\":[\"https:\\\/\\\/www.laurapelegrin.com\\\/perfil\\\/\"]}]},{\"@type\":\"ImageObject\",\"inLanguage\":\"en-US\",\"@id\":\"https:\\\/\\\/www.laurapelegrin.com\\\/perfil\\\/#primaryimage\",\"url\":\"https:\\\/\\\/www.laurapelegrin.com\\\/wp-content\\\/uploads\\\/2024\\\/07\\\/laura-pelegrin-profile-2.jpg\",\"contentUrl\":\"https:\\\/\\\/www.laurapelegrin.com\\\/wp-content\\\/uploads\\\/2024\\\/07\\\/laura-pelegrin-profile-2.jpg\"},{\"@type\":\"BreadcrumbList\",\"@id\":\"https:\\\/\\\/www.laurapelegrin.com\\\/perfil\\\/#breadcrumb\",\"itemListElement\":[{\"@type\":\"ListItem\",\"position\":1,\"name\":\"Inici\",\"item\":\"https:\\\/\\\/www.laurapelegrin.com\\\/\"},{\"@type\":\"ListItem\",\"position\":2,\"name\":\"Profile\"}]},{\"@type\":\"WebSite\",\"@id\":\"https:\\\/\\\/www.laurapelegrin.com\\\/#website\",\"url\":\"https:\\\/\\\/www.laurapelegrin.com\\\/\",\"name\":\"Laura Pelegr\u00edn\",\"description\":\"Linking People, Leading Projects\",\"potentialAction\":[{\"@type\":\"SearchAction\",\"target\":{\"@type\":\"EntryPoint\",\"urlTemplate\":\"https:\\\/\\\/www.laurapelegrin.com\\\/?s={search_term_string}\"},\"query-input\":{\"@type\":\"PropertyValueSpecification\",\"valueRequired\":true,\"valueName\":\"search_term_string\"}}],\"inLanguage\":\"en-US\"}]}<\/script>\n<!-- \/ Yoast SEO plugin. -->","yoast_head_json":{"title":"Profile - Laura Pelegr\u00edn","description":"Executive Director with over twenty years of experience leading growth strategies for organizations, strategic communication and marketing, sponsorship, fundraising, stakeholder management, corporate social responsibility and the creation of public-private partnerships.","robots":{"index":"index","follow":"follow","max-snippet":"max-snippet:-1","max-image-preview":"max-image-preview:large","max-video-preview":"max-video-preview:-1"},"canonical":"https:\/\/www.laurapelegrin.com\/perfil\/","og_locale":"en_US","og_type":"article","og_title":"Profile - Laura Pelegr\u00edn","og_description":"Executive Director with over twenty years of experience leading growth strategies for organizations, strategic communication and marketing, sponsorship, fundraising, stakeholder management, corporate social responsibility and the creation of public-private partnerships.","og_url":"https:\/\/www.laurapelegrin.com\/perfil\/","og_site_name":"Laura Pelegr\u00edn","article_modified_time":"2024-10-18T13:30:16+00:00","og_image":[{"url":"https:\/\/www.laurapelegrin.com\/wp-content\/uploads\/2024\/07\/laura-pelegrin-profile-2.jpg","type":"","width":"","height":""}],"twitter_card":"summary_large_image","twitter_misc":{"Est. reading time":"2 minutes"},"schema":{"@context":"https:\/\/schema.org","@graph":[{"@type":"WebPage","@id":"https:\/\/www.laurapelegrin.com\/perfil\/","url":"https:\/\/www.laurapelegrin.com\/perfil\/","name":"Profile - Laura Pelegr\u00edn","isPartOf":{"@id":"https:\/\/www.laurapelegrin.com\/#website"},"primaryImageOfPage":{"@id":"https:\/\/www.laurapelegrin.com\/perfil\/#primaryimage"},"image":{"@id":"https:\/\/www.laurapelegrin.com\/perfil\/#primaryimage"},"thumbnailUrl":"https:\/\/www.laurapelegrin.com\/wp-content\/uploads\/2024\/07\/laura-pelegrin-profile-2.jpg","datePublished":"2024-07-06T17:39:08+00:00","dateModified":"2024-10-18T13:30:16+00:00","description":"Executive Director with over twenty years of experience leading growth strategies for organizations, strategic communication and marketing, sponsorship, fundraising, stakeholder management, corporate social responsibility and the creation of public-private partnerships.","breadcrumb":{"@id":"https:\/\/www.laurapelegrin.com\/perfil\/#breadcrumb"},"inLanguage":"en-US","potentialAction":[{"@type":"ReadAction","target":["https:\/\/www.laurapelegrin.com\/perfil\/"]}]},{"@type":"ImageObject","inLanguage":"en-US","@id":"https:\/\/www.laurapelegrin.com\/perfil\/#primaryimage","url":"https:\/\/www.laurapelegrin.com\/wp-content\/uploads\/2024\/07\/laura-pelegrin-profile-2.jpg","contentUrl":"https:\/\/www.laurapelegrin.com\/wp-content\/uploads\/2024\/07\/laura-pelegrin-profile-2.jpg"},{"@type":"BreadcrumbList","@id":"https:\/\/www.laurapelegrin.com\/perfil\/#breadcrumb","itemListElement":[{"@type":"ListItem","position":1,"name":"Inici","item":"https:\/\/www.laurapelegrin.com\/"},{"@type":"ListItem","position":2,"name":"Profile"}]},{"@type":"WebSite","@id":"https:\/\/www.laurapelegrin.com\/#website","url":"https:\/\/www.laurapelegrin.com\/","name":"Laura Pelegr\u00edn","description":"Linking People, Leading Projects","potentialAction":[{"@type":"SearchAction","target":{"@type":"EntryPoint","urlTemplate":"https:\/\/www.laurapelegrin.com\/?s={search_term_string}"},"query-input":{"@type":"PropertyValueSpecification","valueRequired":true,"valueName":"search_term_string"}}],"inLanguage":"en-US"}]}},"_links":{"self":[{"href":"https:\/\/www.laurapelegrin.com\/en\/wp-json\/wp\/v2\/pages\/1641","targetHints":{"allow":["GET"]}}],"collection":[{"href":"https:\/\/www.laurapelegrin.com\/en\/wp-json\/wp\/v2\/pages"}],"about":[{"href":"https:\/\/www.laurapelegrin.com\/en\/wp-json\/wp\/v2\/types\/page"}],"author":[{"embeddable":true,"href":"https:\/\/www.laurapelegrin.com\/en\/wp-json\/wp\/v2\/users\/1"}],"replies":[{"embeddable":true,"href":"https:\/\/www.laurapelegrin.com\/en\/wp-json\/wp\/v2\/comments?post=1641"}],"version-history":[{"count":7,"href":"https:\/\/www.laurapelegrin.com\/en\/wp-json\/wp\/v2\/pages\/1641\/revisions"}],"predecessor-version":[{"id":1672,"href":"https:\/\/www.laurapelegrin.com\/en\/wp-json\/wp\/v2\/pages\/1641\/revisions\/1672"}],"wp:attachment":[{"href":"https:\/\/www.laurapelegrin.com\/en\/wp-json\/wp\/v2\/media?parent=1641"}],"curies":[{"name":"wp","href":"https:\/\/api.w.org\/{rel}","templated":true}]}}